{"id":72,"date":"2023-03-26T11:58:45","date_gmt":"2023-03-26T11:58:45","guid":{"rendered":"https:\/\/transfer.dilo.red\/?page_id=72"},"modified":"2025-08-07T06:40:11","modified_gmt":"2025-08-07T06:40:11","slug":"copyright-licenses","status":"publish","type":"page","link":"https:\/\/mx-dilo.red\/?page_id=72","title":{"rendered":"Copyright \/ Licenses"},"content":{"rendered":"\n<p class=\"has-normal-font-size\"><strong>NASA<\/strong><\/p>\n\n\n\n<p class=\"has-small-font-size\">Still Images, Audio Recordings, Video, and Related Computer Files for Non-Commercial Use.<\/p>\n\n\n\n<p class=\"has-small-font-size\">NASA content &#8211; images, audio, video, and computer files used in the rendition of 3-dimensional models, such as texture maps and polygon data in any format &#8211; generally are not subject to copyright in the United States. You may use this material for educational or informational purposes, including photo collections, textbooks, public exhibits, computer graphical simulations and Internet Web pages. This general permission extends to personal Web pages.<\/p>\n\n\n\n<p class=\"has-normal-font-size\"><strong>KUMA<\/strong><\/p>\n\n\n\n<p class=\"has-small-font-size\">Die gezeigten Fotografien von Kunstgegenst\u00e4nden des Museums unterliegen dem Museum-Besuchervertrag, dieser gestattet das Fotografieren ausdr\u00fccklich. Nicht gemeinfreie Kunstgegenst\u00e4nde unterliegen dem Urheberechtsschutz.<\/p>\n\n\n\n<p class=\"has-normal-font-size\"><strong>Gallery, Bild des Monats<\/strong>, und bebilderte Beitr\u00e4ge mit <strong>@ar<\/strong> gekennzeichnet<\/p>\n\n\n\n<p class=\"has-small-font-size\">Aufnahmen mit Sigma FP und Leica M7  \u00a9 Alan Rolsky<\/p>\n\n\n\n<p class=\"has-normal-font-size\"><strong>YouTube<\/strong><\/p>\n\n\n\n<p class=\"has-small-font-size\">Im Jahr 2014 schuf der Europ\u00e4ische Gerichtshof (EuGH) Klarheit (AZ: C-348\/13)<em>.<\/em> Er entschied: Das blo\u00dfe Einbinden von YouTube-Videos stellt keine Urheber\u00adrechts\u00adver\u00adletzung dar. F\u00fcr Inhaber von Urheberrechten in den USA und UK gelten  die Fair Use und Fair Dealing Regelungen bis zu einer Domestikation.<\/p>\n\n\n\n<p class=\"has-normal-font-size\"><strong>Adobe Stock Lizenzen<\/strong><\/p>\n\n\n\n<p class=\"has-small-font-size\">Die den Kategorien vorangehenden Bilder unterliegen der Adobe Stock Standardlizenz bzw. sind mit ASL gekennzeichnet (Ver\u00f6ffentlichen des Stockmediums auf einer Website oder in Social Media ohne Begrenzung der Aufrufe.)<\/p>\n\n\n\n<p><strong>Deutschlandfunk-RSS und Livestream<\/strong><\/p>\n\n\n\n<p>Verlinkung auf die Feeds und den Livestream mit freundlicher Genehmigung der Abteilung Multimedia \/ Online des DLF<\/p>\n\n\n\n<p><strong>WIKIPEDIA<\/strong><\/p>\n\n\n\n<p>Wiedergabe von Wikipedia Inhalten unter der  <strong><a href=\"https:\/\/de.wikipedia.org\/wiki\/Creative_Commons\">Creative-Commons-Lizenz<\/a> <\/strong>Attribution-ShareAlike 3.0 Unported (abgek\u00fcrzt CC-by-sa-3.0), der unter <a href=\"https:\/\/creativecommons.org\/licenses\/by-sa\/3.0\/legalcode\">http:\/\/creativecommons.org\/licenses\/by-sa\/3.0\/legalcode<\/a> eingesehen werden kann. Im Blog-Textbereich nicht n\u00e4her spezifizierte CC-Lizenzen beziehen sich auf Wikipedia. <\/p>\n\n\n\n<p><strong>\u00a9 Creative Commons, CC<\/strong><\/p>\n\n\n\n<p><strong>a<\/strong> &#8220;<a rel=\"noreferrer noopener\" href=\"https:\/\/www.flickr.com\/photos\/63794459@N07\/6520031571\" target=\"_blank\">Michel de Montagne<\/a>&#8221; by <a rel=\"noreferrer noopener\" href=\"https:\/\/www.flickr.com\/photos\/63794459@N07\" target=\"_blank\">Stifts- och landsbiblioteket i Skara<\/a> is licensed under <a rel=\"noreferrer noopener\" href=\"https:\/\/creativecommons.org\/licenses\/by\/2.0\/?ref=openverse\" target=\"_blank\">CC BY 2.0<\/a>.<\/p>\n\n\n\n<p><strong>b<\/strong> Ch\u00e2teau d&#8217;Yquem CC BY-SA 2.5  ( https:\/\/creativecommons.org\/)<\/p>\n\n\n\n<p>sowie alle anderen Bild- und Textquellen, die nicht n\u00e4her bezeichnet werden.<\/p>\n","protected":false},"excerpt":{"rendered":"<p>NASA Still Images, Audio Recordings, Video, and Related Computer Files for Non-Commercial Use. NASA content &#8211; images, audio, video, and computer files used in the rendition of 3-dimensional&#8230;<\/p>\n","protected":false},"author":1,"featured_media":0,"parent":0,"menu_order":0,"comment_status":"closed","ping_status":"closed","template":"","meta":{"footnotes":""},"class_list":["post-72","page","type-page","status-publish","hentry"],"_links":{"self":[{"href":"https:\/\/mx-dilo.red\/index.php?rest_route=\/wp\/v2\/pages\/72","targetHints":{"allow":["GET"]}}],"collection":[{"href":"https:\/\/mx-dilo.red\/index.php?rest_route=\/wp\/v2\/pages"}],"about":[{"href":"https:\/\/mx-dilo.red\/index.php?rest_route=\/wp\/v2\/types\/page"}],"author":[{"embeddable":true,"href":"https:\/\/mx-dilo.red\/index.php?rest_route=\/wp\/v2\/users\/1"}],"replies":[{"embeddable":true,"href":"https:\/\/mx-dilo.red\/index.php?rest_route=%2Fwp%2Fv2%2Fcomments&post=72"}],"version-history":[{"count":1,"href":"https:\/\/mx-dilo.red\/index.php?rest_route=\/wp\/v2\/pages\/72\/revisions"}],"predecessor-version":[{"id":7915,"href":"https:\/\/mx-dilo.red\/index.php?rest_route=\/wp\/v2\/pages\/72\/revisions\/7915"}],"wp:attachment":[{"href":"https:\/\/mx-dilo.red\/index.php?rest_route=%2Fwp%2Fv2%2Fmedia&parent=72"}],"curies":[{"name":"wp","href":"https:\/\/api.w.org\/{rel}","templated":true}]}}